{"id":17236,"date":"2020-04-03T10:38:39","date_gmt":"2020-04-03T08:38:39","guid":{"rendered":"http:\/\/bufetcasanovas.com\/?page_id=17236"},"modified":"2020-04-06T11:23:33","modified_gmt":"2020-04-06T09:23:33","slug":"blog-2","status":"publish","type":"page","link":"https:\/\/bufetcasanovas.com\/ca\/blog-2\/","title":{"rendered":"Blog"},"content":{"rendered":"<div class=\"wpb-content-wrapper\"><p>[vc_row css_animation=&#8221;&#8221; row_type=&#8221;row&#8221; use_row_as_full_screen_section=&#8221;no&#8221; type=&#8221;grid&#8221; angled_section=&#8221;no&#8221; text_align=&#8221;left&#8221; background_image_as_pattern=&#8221;without_pattern&#8221; z_index=&#8221;&#8221;][vc_column][vc_empty_space]<div class=\"qode-simple-quote-holder \">\n\t<div class=\"qode-simple-quote-triangle-shadow\">\n\t\t\n\t<\/div>\n\t<div class=\"qode-simple-quote-triangle\" style=\"border-bottom-color: #f4f4f4\">\n\t\t\n\t<\/div>\n\t<div class=\"qode-simple-quote-holder-inner\" style=\"background-color: #f4f4f4;border-color: #f4f4f4\">\n\t\t<div class=\"qode-simple-quote-icon-holder\" \">\n\t\t\t<svg x=\"0px\" y=\"0px\" width=\"118px\" height=\"97px\" viewBox=\"0 0 118 97\" enable-background=\"new 0 0 118 97\" xml:space=\"preserve\">\n\t\t\t\t<g>\n\t\t\t\t\t<path d=\"M31.1,73.998c5.688-7.111,8.535-14.316,8.535-21.617c0-3.09-0.371-5.751-1.113-7.978c-4.332,3.34-9.031,5.009-14.102,5.009\n\t\t\t\t\t\tc-6.929,0-12.71-2.194-17.349-6.586c-4.639-4.389-6.958-10.298-6.958-17.72c0-6.926,2.348-12.71,7.051-17.349\n\t\t\t\t\t\tc4.7-4.639,10.452-6.958,17.256-6.958c9.77,0,17.256,4.021,22.451,12.061c4.329,6.68,6.494,15.029,6.494,25.049\n\t\t\t\t\t\tc0,12.742-3.247,24.154-9.741,34.234C37.13,82.227,27.325,90.357,14.215,96.541l-3.525-6.865\n\t\t\t\t\t\tC18.604,86.336,25.409,81.113,31.1,73.998z M95.67,73.998c5.688-7.111,8.535-14.316,8.535-21.617c0-3.09-0.371-5.751-1.113-7.978\n\t\t\t\t\t\tc-4.206,3.34-8.906,5.009-14.102,5.009c-6.804,0-12.556-2.194-17.256-6.586c-4.702-4.389-7.051-10.298-7.051-17.72\n\t\t\t\t\t\tc0-4.575,1.113-8.721,3.34-12.432s5.195-6.616,8.906-8.721c3.711-2.102,7.729-3.154,12.061-3.154\n\t\t\t\t\t\tc9.771,0,17.256,4.021,22.451,12.061c4.329,6.68,6.494,15.029,6.494,25.049c0,12.742-3.247,24.154-9.741,34.234\n\t\t\t\t\t\tC101.7,82.227,91.896,90.357,78.785,96.541l-3.525-6.865C83.175,86.336,89.979,81.113,95.67,73.998z\"\/>\n\t\t\t\t<\/g>\n\t\t\t<\/svg>\n\t\t<\/div>\n\t\t<div class=\"qode-simple-quote-content-holder\">\n\t\t\t<div class=\"qode-simple-quote-content-holder-inner\">\n\t\t\t\t<div class=\"qode-simple-quote-text-holder\" >\n\t\t\t\t\t<p class=\"qode-simple-quote-text-title\"> Els posts penjats en aquest Blog no han de ser interpretats de forma estricta com un assessorament jur\u00eddic, fiscal o comptable, ni com a suggeriments o recomanacions a adoptar o aplicar sense m\u00e9s. S\u00f3n opinions i comentaris que en tot cas estan subordinats a la aplicaci\u00f3 del cas concret i als molts matisos que poden existir i que no poden ser contemplats en una simple nota, aix\u00ed com a eventuals canvis normatius o opinions millor fundades en Dret, per la qual cosa Bufet Casanovas no pot assumir cap responsabilitat per les actuacions o decisions que puguin realitzar-se o adoptar-se basades en el contingut dels posts.  <\/p>\n\t\t\t\t<\/div>\n\t\t\t\t<div class=\"qode-simple-quote-author-holder\">\n\t\t\t\t\t<p class=\"qode-simple-quote-author-title\"> BUFET CASANOVAS  <\/p>\n\t\t\t\t<\/div>\n\t\t\t<\/div>\n\t\t<\/div>\n\t<\/div>\n<\/div>[vc_empty_space][\/vc_column][\/vc_row][vc_row css_animation=&#8221;&#8221; row_type=&#8221;row&#8221; use_row_as_full_screen_section=&#8221;no&#8221; type=&#8221;grid&#8221; angled_section=&#8221;no&#8221; text_align=&#8221;left&#8221; background_image_as_pattern=&#8221;without_pattern&#8221; z_index=&#8221;&#8221;][vc_column]<div class='q_masonry_blog'><div class=\"q_masonry_blog_grid_sizer\"><\/div><div class=\"q_masonry_blog_grid_gutter\"><\/div><article  class='post-18217 post type-post status-publish format-standard has-post-thumbnail hentry category-bufet-casanovas-ca '><div class=\"q_masonry_blog_post_image\"><a itemprop=\"url\" href=\"https:\/\/bufetcasanovas.com\/ca\/llei-organica-1-2025-de-mesures-en-materia-deficiencia-del-servei-publico-de-justici\/\" target=\"_self\"><img decoding=\"async\" itemprop=\"image\" src=\"https:\/\/bufetcasanovas.com\/wp-content\/uploads\/2025\/01\/image002.jpg\" \/><\/a><\/div><div class=\"q_masonry_blog_post_text\"><h5 itemprop=\"name\" class=\"q_masonry_blog_title entry_title\"><a itemprop=\"url\" href=\"https:\/\/bufetcasanovas.com\/ca\/llei-organica-1-2025-de-mesures-en-materia-deficiencia-del-servei-publico-de-justici\/\">LLEI ORGANICA 1\/2025 DE MESURES EN MAT\u00c8RIA D&#8217;EFICI\u00c8NCIA DEL SERVEI PUBLICO DE JUST\u00cdCI<\/a><\/h5><p itemprop=\"description\" class=\"q_masonry_blog_excerpt\">El panorama legal espanyol ha fet un pas important amb la recent publicaci\u00f3 de la nova Llei 1\/2025 de mesures en mat\u00e8ria d'efici\u00e8ncia del servei p\u00fablic de just\u00edcia que introdueix modificacions significatives en l'\u00e0mbit de la just\u00edcia. ...<\/p><div class=\"q_masonry_blog_post_info\"><span itemprop=\"dateCreated\" class=\"time entry_date updated\">16 January, 2025<meta itemprop=\"interactionCount\" content=\"UserComments: <?php echo get_comments_number(qode_get_page_id()); ?>\"\/><\/span> \/ <a itemprop=\"url\" class=\"post_comments\" href=\"https:\/\/bufetcasanovas.com\/ca\/llei-organica-1-2025-de-mesures-en-materia-deficiencia-del-servei-publico-de-justici\/#respond\">No comment<\/a><\/div><\/div><\/article><article  class='post-18131 post type-post status-publish format-standard has-post-thumbnail hentry category-bufet-casanovas category-sin-categorizar '><div class=\"q_masonry_blog_post_image\"><a itemprop=\"url\" href=\"https:\/\/bufetcasanovas.com\/ca\/les-dones-les-grans-protagonistes-per-a-aconseguir-la-sostenibilitat\/\" target=\"_self\"><img decoding=\"async\" itemprop=\"image\" src=\"https:\/\/bufetcasanovas.com\/wp-content\/uploads\/2024\/03\/FOTO-GRUP.jpg\" \/><\/a><\/div><div class=\"q_masonry_blog_post_text\"><h5 itemprop=\"name\" class=\"q_masonry_blog_title entry_title\"><a itemprop=\"url\" href=\"https:\/\/bufetcasanovas.com\/ca\/les-dones-les-grans-protagonistes-per-a-aconseguir-la-sostenibilitat\/\">Les dones, les grans protagonistes per a aconseguir la sostenibilitat<\/a><\/h5><p itemprop=\"description\" class=\"q_masonry_blog_excerpt\">La igualtat de g\u00e8nere \u00e9s un dels aspectes m\u00e9s rellevants de les pol\u00edtiques corporatives ESG (Environmental, Social and Governance) at\u00e8s que afecta tant la part social com a la part de bon govern....<\/p><div class=\"q_masonry_blog_post_info\"><span itemprop=\"dateCreated\" class=\"time entry_date updated\">07 March, 2024<meta itemprop=\"interactionCount\" content=\"UserComments: <?php echo get_comments_number(qode_get_page_id()); ?>\"\/><\/span> \/ <a itemprop=\"url\" class=\"post_comments\" href=\"https:\/\/bufetcasanovas.com\/ca\/les-dones-les-grans-protagonistes-per-a-aconseguir-la-sostenibilitat\/#respond\">No comment<\/a><\/div><\/div><\/article><article  class='post-17957 post type-post status-publish format-standard has-post-thumbnail hentry category-bufet-casanovas-ca '><div class=\"q_masonry_blog_post_image\"><a itemprop=\"url\" href=\"https:\/\/bufetcasanovas.com\/ca\/feminisme-i-sostenibilitat\/\" target=\"_self\"><img decoding=\"async\" itemprop=\"image\" src=\"https:\/\/bufetcasanovas.com\/wp-content\/uploads\/2023\/03\/Captura-de-pantalla-2023-03-08-a-las-15.31.20.png\" \/><\/a><\/div><div class=\"q_masonry_blog_post_text\"><h5 itemprop=\"name\" class=\"q_masonry_blog_title entry_title\"><a itemprop=\"url\" href=\"https:\/\/bufetcasanovas.com\/ca\/feminisme-i-sostenibilitat\/\">FEMINISME I SOSTENIBILITAT<\/a><\/h5><p itemprop=\"description\" class=\"q_masonry_blog_excerpt\">Avui 8M, Bufet Casanovas dins del seu Pla d\u2019acci\u00f3 per al desenvolupament de la cultura de la sostenibilitat, ha volgut sumar-se a la lluita feminista  ......<\/p><div class=\"q_masonry_blog_post_info\"><span itemprop=\"dateCreated\" class=\"time entry_date updated\">08 March, 2023<meta itemprop=\"interactionCount\" content=\"UserComments: <?php echo get_comments_number(qode_get_page_id()); ?>\"\/><\/span> \/ <a itemprop=\"url\" class=\"post_comments\" href=\"https:\/\/bufetcasanovas.com\/ca\/feminisme-i-sostenibilitat\/#respond\">No comment<\/a><\/div><\/div><\/article><article  class='post-17930 post type-post status-publish format-standard has-post-thumbnail hentry category-bufet-casanovas-ca '><div class=\"q_masonry_blog_post_image\"><a itemprop=\"url\" href=\"https:\/\/bufetcasanovas.com\/ca\/happiness-bufet-casanovas-ha-celebrat-la-seva-primera-jornada-anual-dobjectius-2023\/\" target=\"_self\"><img decoding=\"async\" itemprop=\"image\" src=\"https:\/\/bufetcasanovas.com\/wp-content\/uploads\/2023\/02\/cat.jpg\" \/><\/a><\/div><div class=\"q_masonry_blog_post_text\"><h5 itemprop=\"name\" class=\"q_masonry_blog_title entry_title\"><a itemprop=\"url\" href=\"https:\/\/bufetcasanovas.com\/ca\/happiness-bufet-casanovas-ha-celebrat-la-seva-primera-jornada-anual-dobjectius-2023\/\">HAPPINESS: Bufet Casanovas ha celebrat la seva primera jornada anual d\u2019objectius 2023.<\/a><\/h5><p itemprop=\"description\" class=\"q_masonry_blog_excerpt\">La jornada ha servit perqu\u00e8 cada equip de @BufetCasanovas treball\u00e9s en el descobriment, redefinici\u00f3 i optimitzaci\u00f3 dels seus processos ......<\/p><div class=\"q_masonry_blog_post_info\"><span itemprop=\"dateCreated\" class=\"time entry_date updated\">16 February, 2023<meta itemprop=\"interactionCount\" content=\"UserComments: <?php echo get_comments_number(qode_get_page_id()); ?>\"\/><\/span> \/ <a itemprop=\"url\" class=\"post_comments\" href=\"https:\/\/bufetcasanovas.com\/ca\/happiness-bufet-casanovas-ha-celebrat-la-seva-primera-jornada-anual-dobjectius-2023\/#respond\">No comment<\/a><\/div><\/div><\/article><article  class='post-17919 post type-post status-publish format-standard hentry category-bufet-casanovas-ca '><div class=\"q_masonry_blog_post_image\"><\/div><div class=\"q_masonry_blog_post_text\"><h5 itemprop=\"name\" class=\"q_masonry_blog_title entry_title\"><a itemprop=\"url\" href=\"https:\/\/bufetcasanovas.com\/ca\/pot-el-jutjador-incorporar-dofici-informacio-dinternet-i-les-xarxes-socials-sobre-els-fets-del-cas\/\">POT EL JUTJADOR INCORPORAR D&#8217;OFICI INFORMACI\u00d3 D&#8217;INTERNET I LES XARXES SOCIALS SOBRE ELS FETS DEL CAS?<\/a><\/h5><p itemprop=\"description\" class=\"q_masonry_blog_excerpt\">En la pr\u00e0ctica forense de la denominada era de digital, conv\u00e9 destacar que, seguint el pronunciat per la Comissi\u00f3 d'\u00c8tica Judicial en els seus dict\u00e0mens......<\/p><div class=\"q_masonry_blog_post_info\"><span itemprop=\"dateCreated\" class=\"time entry_date updated\">08 February, 2023<meta itemprop=\"interactionCount\" content=\"UserComments: <?php echo get_comments_number(qode_get_page_id()); ?>\"\/><\/span> \/ <a itemprop=\"url\" class=\"post_comments\" href=\"https:\/\/bufetcasanovas.com\/ca\/pot-el-jutjador-incorporar-dofici-informacio-dinternet-i-les-xarxes-socials-sobre-els-fets-del-cas\/#respond\">No comment<\/a><\/div><\/div><\/article><article  class='post-17901 post type-post status-publish format-standard has-post-thumbnail hentry category-bufet-casanovas-ca '><div class=\"q_masonry_blog_post_image\"><a itemprop=\"url\" href=\"https:\/\/bufetcasanovas.com\/ca\/celebrem-el-dia-europeu-de-la-proteccio-de-dades\/\" target=\"_self\"><img decoding=\"async\" itemprop=\"image\" src=\"https:\/\/bufetcasanovas.com\/wp-content\/uploads\/2023\/01\/foto-llibresblog.jpg\" \/><\/a><\/div><div class=\"q_masonry_blog_post_text\"><h5 itemprop=\"name\" class=\"q_masonry_blog_title entry_title\"><a itemprop=\"url\" href=\"https:\/\/bufetcasanovas.com\/ca\/celebrem-el-dia-europeu-de-la-proteccio-de-dades\/\">Celebrem el dia europeu de la protecci\u00f3 de dades<\/a><\/h5><p itemprop=\"description\" class=\"q_masonry_blog_excerpt\">Celebrem el dia europeu de la protecci\u00f3 de dades \u201c28 de gener\u201d recomanant dues de les lectures m\u00e9s interessants i best sellers, sobre PRIVACITAT:\r\n...<\/p><div class=\"q_masonry_blog_post_info\"><span itemprop=\"dateCreated\" class=\"time entry_date updated\">30 January, 2023<meta itemprop=\"interactionCount\" content=\"UserComments: <?php echo get_comments_number(qode_get_page_id()); ?>\"\/><\/span> \/ <a itemprop=\"url\" class=\"post_comments\" href=\"https:\/\/bufetcasanovas.com\/ca\/celebrem-el-dia-europeu-de-la-proteccio-de-dades\/#respond\">No comment<\/a><\/div><\/div><\/article><article  class='post-17878 post type-post status-publish format-standard has-post-thumbnail hentry category-bufet-casanovas-ca '><div class=\"q_masonry_blog_post_image\"><a itemprop=\"url\" href=\"https:\/\/bufetcasanovas.com\/ca\/achilles-repro-va-homologar-a-bufet-casanovas-com-proveidor-oficial-en-serveis-legals\/\" target=\"_self\"><img decoding=\"async\" itemprop=\"image\" src=\"https:\/\/bufetcasanovas.com\/wp-content\/uploads\/2023\/01\/image001.png\" \/><\/a><\/div><div class=\"q_masonry_blog_post_text\"><h5 itemprop=\"name\" class=\"q_masonry_blog_title entry_title\"><a itemprop=\"url\" href=\"https:\/\/bufetcasanovas.com\/ca\/achilles-repro-va-homologar-a-bufet-casanovas-com-proveidor-oficial-en-serveis-legals\/\">ACHILLES REPRO VA HOMOLOGAR A BUFET CASANOVAS COM PROVE\u00cfDOR OFICIAL EN SERVEIS LEGALS<\/a><\/h5><p itemprop=\"description\" class=\"q_masonry_blog_excerpt\">El passat dimarts dia 27 de desembre Achilles Repro va homologar a Bufet Casanovas com un dels prove\u00efdors oficials en serveis legals, registrat a la categoria SILVER amb ID 00093876....<\/p><div class=\"q_masonry_blog_post_info\"><span itemprop=\"dateCreated\" class=\"time entry_date updated\">04 January, 2023<meta itemprop=\"interactionCount\" content=\"UserComments: <?php echo get_comments_number(qode_get_page_id()); ?>\"\/><\/span> \/ <a itemprop=\"url\" class=\"post_comments\" href=\"https:\/\/bufetcasanovas.com\/ca\/achilles-repro-va-homologar-a-bufet-casanovas-com-proveidor-oficial-en-serveis-legals\/#respond\">No comment<\/a><\/div><\/div><\/article><article  class='post-17865 post type-post status-publish format-standard has-post-thumbnail hentry category-uncategorized-ca tag-tribunal-supremo-ca '><div class=\"q_masonry_blog_post_image\"><a itemprop=\"url\" href=\"https:\/\/bufetcasanovas.com\/ca\/el-tribunal-suprem-inadmet-un-recurs-de-cassacio-basat-en-larticle-815-lec\/\" target=\"_self\"><img decoding=\"async\" itemprop=\"image\" src=\"https:\/\/bufetcasanovas.com\/wp-content\/uploads\/2023\/01\/ts-tribunal-supremo-.jpg\" \/><\/a><\/div><div class=\"q_masonry_blog_post_text\"><h5 itemprop=\"name\" class=\"q_masonry_blog_title entry_title\"><a itemprop=\"url\" href=\"https:\/\/bufetcasanovas.com\/ca\/el-tribunal-suprem-inadmet-un-recurs-de-cassacio-basat-en-larticle-815-lec\/\">EL TRIBUNAL SUPREM INADMET UN RECURS DE CASSACI\u00d3 BASAT EN L\u2019ARTICLE 815 LEC<\/a><\/h5><p itemprop=\"description\" class=\"q_masonry_blog_excerpt\">El Tribunal Suprem ha inadm\u00e8s els recursos extraorinaris d'infracci\u00f3 processal i de cassaci\u00f3 interposats per la recurrent al marge d'un procediment declaratiu, i tot aix\u00f2 despr\u00e9s de les al\u00b7legacions formulades pel nostre despatx Bufet Casanovas. ...<\/p><div class=\"q_masonry_blog_post_info\"><span itemprop=\"dateCreated\" class=\"time entry_date updated\">04 January, 2023<meta itemprop=\"interactionCount\" content=\"UserComments: <?php echo get_comments_number(qode_get_page_id()); ?>\"\/><\/span> \/ <a itemprop=\"url\" class=\"post_comments\" href=\"https:\/\/bufetcasanovas.com\/ca\/el-tribunal-suprem-inadmet-un-recurs-de-cassacio-basat-en-larticle-815-lec\/#respond\">No comment<\/a><\/div><\/div><\/article><article  class='post-17677 post type-post status-publish format-standard has-post-thumbnail hentry category-business-ca category-uncategorized-ca tag-consumercompliance-ca tag-fintech-ca tag-sandbox-ca '><div class=\"q_masonry_blog_post_image\"><a itemprop=\"url\" href=\"https:\/\/bufetcasanovas.com\/ca\/que-es-el-sandbox-financer\/\" target=\"_self\"><img decoding=\"async\" itemprop=\"image\" src=\"https:\/\/bufetcasanovas.com\/wp-content\/uploads\/2021\/03\/sandbox.jpg\" \/><\/a><\/div><div class=\"q_masonry_blog_post_text\"><h5 itemprop=\"name\" class=\"q_masonry_blog_title entry_title\"><a itemprop=\"url\" href=\"https:\/\/bufetcasanovas.com\/ca\/que-es-el-sandbox-financer\/\">Qu\u00e8 \u00e9s el SANDBOX FINANCER?<\/a><\/h5><p itemprop=\"description\" class=\"q_masonry_blog_excerpt\">El SANDBOX FINANCER o espai controlat de proves pret\u00e9n acompanyar la transformaci\u00f3 digital del sistema financer al nivell d\u2019altres iniciatives a Europa....<\/p><div class=\"q_masonry_blog_post_info\"><span itemprop=\"dateCreated\" class=\"time entry_date updated\">03 March, 2021<meta itemprop=\"interactionCount\" content=\"UserComments: <?php echo get_comments_number(qode_get_page_id()); ?>\"\/><\/span> \/ <a itemprop=\"url\" class=\"post_comments\" href=\"https:\/\/bufetcasanovas.com\/ca\/que-es-el-sandbox-financer\/#respond\">No comment<\/a><\/div><\/div><\/article><article  class='post-17655 post type-post status-publish format-standard has-post-thumbnail hentry category-business-ca '><div class=\"q_masonry_blog_post_image\"><a itemprop=\"url\" href=\"https:\/\/bufetcasanovas.com\/ca\/taxa-google\/\" target=\"_self\"><img decoding=\"async\" itemprop=\"image\" src=\"https:\/\/bufetcasanovas.com\/wp-content\/uploads\/2021\/01\/taxa-google.jpg\" \/><\/a><\/div><div class=\"q_masonry_blog_post_text\"><h5 itemprop=\"name\" class=\"q_masonry_blog_title entry_title\"><a itemprop=\"url\" href=\"https:\/\/bufetcasanovas.com\/ca\/taxa-google\/\">Taxa Google<\/a><\/h5><p itemprop=\"description\" class=\"q_masonry_blog_excerpt\">[vc_row css_animation=&#8221;&#8221; row_type=&#8221;row&#8221; use_row_as_full_screen_section=&#8221;no&#8221; type=&#8221;full_width&#8221; angled_section=&#8221;no&#8221; text_align=&#8221;left&#8221; background_image_as_pattern=&#8221;without_pattern&#8221;][vc_column][vc_column_text]El passat 16 de gener va comen\u00e7ar a funcionar la Taxa Google, impost que grava l&#8217;activitat que es produeix a Espanya per companyies pels serveis\u00a0com la publicitat digital o el\u00a0big\u00a0data. Alhora, tamb\u00e9 s\u2019inclouen empreses que presten serveis relacionats......<\/p><div class=\"q_masonry_blog_post_info\"><span itemprop=\"dateCreated\" class=\"time entry_date updated\">29 January, 2021<meta itemprop=\"interactionCount\" content=\"UserComments: <?php echo get_comments_number(qode_get_page_id()); ?>\"\/><\/span> \/ <a itemprop=\"url\" class=\"post_comments\" href=\"https:\/\/bufetcasanovas.com\/ca\/taxa-google\/#respond\">No comment<\/a><\/div><\/div><\/article><\/div>[\/vc_column][\/vc_row]<\/p>\n<\/div>","protected":false},"excerpt":{"rendered":"<p>[vc_row css_animation=&#8221;&#8221; row_type=&#8221;row&#8221; use_row_as_full_screen_section=&#8221;no&#8221; type=&#8221;grid&#8221; angled_section=&#8221;no&#8221; text_align=&#8221;left&#8221; background_image_as_pattern=&#8221;without_pattern&#8221; z_index=&#8221;&#8221;][vc_column][vc_empty_space][vc_empty_space][\/vc_column][\/vc_row][vc_row css_animation=&#8221;&#8221; row_type=&#8221;row&#8221; use_row_as_full_screen_section=&#8221;no&#8221; type=&#8221;grid&#8221; angled_section=&#8221;no&#8221; text_align=&#8221;left&#8221; background_image_as_pattern=&#8221;without_pattern&#8221; z_index=&#8221;&#8221;][vc_column][\/vc_column][\/vc_row]<\/p>\n","protected":false},"author":1,"featured_media":0,"parent":0,"menu_order":0,"comment_status":"open","ping_status":"open","template":"full_width.php","meta":{"footnotes":""},"class_list":["post-17236","page","type-page","status-publish","hentry"],"yoast_head":"<!-- This site is optimized with the Yoast SEO plugin v26.4 - https:\/\/yoast.com\/wordpress\/plugins\/seo\/ -->\n<title>Blog - Bufet Casanovas<\/title>\n<meta name=\"robots\" content=\"index, follow, max-snippet:-1, max-image-preview:large, max-video-preview:-1\" \/>\n<link rel=\"canonical\" href=\"https:\/\/bufetcasanovas.com\/ca\/blog-2\/\" \/>\n<meta property=\"og:locale\" content=\"ca_ES\" \/>\n<meta property=\"og:type\" content=\"article\" \/>\n<meta property=\"og:title\" content=\"Blog - Bufet Casanovas\" \/>\n<meta property=\"og:description\" content=\"[vc_row css_animation=&#8221;&#8221; row_type=&#8221;row&#8221; use_row_as_full_screen_section=&#8221;no&#8221; type=&#8221;grid&#8221; angled_section=&#8221;no&#8221; text_align=&#8221;left&#8221; background_image_as_pattern=&#8221;without_pattern&#8221; z_index=&#8221;&#8221;][vc_column][vc_empty_space][vc_empty_space][\/vc_column][\/vc_row][vc_row css_animation=&#8221;&#8221; row_type=&#8221;row&#8221; use_row_as_full_screen_section=&#8221;no&#8221; type=&#8221;grid&#8221; angled_section=&#8221;no&#8221; text_align=&#8221;left&#8221; background_image_as_pattern=&#8221;without_pattern&#8221; z_index=&#8221;&#8221;][vc_column][\/vc_column][\/vc_row]\" \/>\n<meta property=\"og:url\" content=\"https:\/\/bufetcasanovas.com\/ca\/blog-2\/\" \/>\n<meta property=\"og:site_name\" content=\"Bufet Casanovas\" \/>\n<meta property=\"article:modified_time\" content=\"2020-04-06T09:23:33+00:00\" \/>\n<meta name=\"twitter:card\" content=\"summary_large_image\" \/>\n<meta name=\"twitter:label1\" content=\"Est. reading time\" \/>\n\t<meta name=\"twitter:data1\" content=\"1 minute\" \/>\n<script type=\"application\/ld+json\" class=\"yoast-schema-graph\">{\"@context\":\"https:\/\/schema.org\",\"@graph\":[{\"@type\":\"WebPage\",\"@id\":\"https:\/\/bufetcasanovas.com\/ca\/blog-2\/\",\"url\":\"https:\/\/bufetcasanovas.com\/ca\/blog-2\/\",\"name\":\"Blog - Bufet Casanovas\",\"isPartOf\":{\"@id\":\"https:\/\/bufetcasanovas.com\/#website\"},\"datePublished\":\"2020-04-03T08:38:39+00:00\",\"dateModified\":\"2020-04-06T09:23:33+00:00\",\"breadcrumb\":{\"@id\":\"https:\/\/bufetcasanovas.com\/ca\/blog-2\/#breadcrumb\"},\"inLanguage\":\"ca-ES\",\"potentialAction\":[{\"@type\":\"ReadAction\",\"target\":[\"https:\/\/bufetcasanovas.com\/ca\/blog-2\/\"]}]},{\"@type\":\"BreadcrumbList\",\"@id\":\"https:\/\/bufetcasanovas.com\/ca\/blog-2\/#breadcrumb\",\"itemListElement\":[{\"@type\":\"ListItem\",\"position\":1,\"name\":\"Portada\",\"item\":\"https:\/\/bufetcasanovas.com\/ca\/\"},{\"@type\":\"ListItem\",\"position\":2,\"name\":\"Blog\"}]},{\"@type\":\"WebSite\",\"@id\":\"https:\/\/bufetcasanovas.com\/#website\",\"url\":\"https:\/\/bufetcasanovas.com\/\",\"name\":\"Bufet Casanovas\",\"description\":\"Abogados\",\"potentialAction\":[{\"@type\":\"SearchAction\",\"target\":{\"@type\":\"EntryPoint\",\"urlTemplate\":\"https:\/\/bufetcasanovas.com\/?s={search_term_string}\"},\"query-input\":{\"@type\":\"PropertyValueSpecification\",\"valueRequired\":true,\"valueName\":\"search_term_string\"}}],\"inLanguage\":\"ca-ES\"}]}<\/script>\n<!-- \/ Yoast SEO plugin. -->","yoast_head_json":{"title":"Blog - Bufet Casanovas","robots":{"index":"index","follow":"follow","max-snippet":"max-snippet:-1","max-image-preview":"max-image-preview:large","max-video-preview":"max-video-preview:-1"},"canonical":"https:\/\/bufetcasanovas.com\/ca\/blog-2\/","og_locale":"ca_ES","og_type":"article","og_title":"Blog - Bufet Casanovas","og_description":"[vc_row css_animation=&#8221;&#8221; row_type=&#8221;row&#8221; use_row_as_full_screen_section=&#8221;no&#8221; type=&#8221;grid&#8221; angled_section=&#8221;no&#8221; text_align=&#8221;left&#8221; background_image_as_pattern=&#8221;without_pattern&#8221; z_index=&#8221;&#8221;][vc_column][vc_empty_space][vc_empty_space][\/vc_column][\/vc_row][vc_row css_animation=&#8221;&#8221; row_type=&#8221;row&#8221; use_row_as_full_screen_section=&#8221;no&#8221; type=&#8221;grid&#8221; angled_section=&#8221;no&#8221; text_align=&#8221;left&#8221; background_image_as_pattern=&#8221;without_pattern&#8221; z_index=&#8221;&#8221;][vc_column][\/vc_column][\/vc_row]","og_url":"https:\/\/bufetcasanovas.com\/ca\/blog-2\/","og_site_name":"Bufet Casanovas","article_modified_time":"2020-04-06T09:23:33+00:00","twitter_card":"summary_large_image","twitter_misc":{"Est. reading time":"1 minute"},"schema":{"@context":"https:\/\/schema.org","@graph":[{"@type":"WebPage","@id":"https:\/\/bufetcasanovas.com\/ca\/blog-2\/","url":"https:\/\/bufetcasanovas.com\/ca\/blog-2\/","name":"Blog - Bufet Casanovas","isPartOf":{"@id":"https:\/\/bufetcasanovas.com\/#website"},"datePublished":"2020-04-03T08:38:39+00:00","dateModified":"2020-04-06T09:23:33+00:00","breadcrumb":{"@id":"https:\/\/bufetcasanovas.com\/ca\/blog-2\/#breadcrumb"},"inLanguage":"ca-ES","potentialAction":[{"@type":"ReadAction","target":["https:\/\/bufetcasanovas.com\/ca\/blog-2\/"]}]},{"@type":"BreadcrumbList","@id":"https:\/\/bufetcasanovas.com\/ca\/blog-2\/#breadcrumb","itemListElement":[{"@type":"ListItem","position":1,"name":"Portada","item":"https:\/\/bufetcasanovas.com\/ca\/"},{"@type":"ListItem","position":2,"name":"Blog"}]},{"@type":"WebSite","@id":"https:\/\/bufetcasanovas.com\/#website","url":"https:\/\/bufetcasanovas.com\/","name":"Bufet Casanovas","description":"Abogados","potentialAction":[{"@type":"SearchAction","target":{"@type":"EntryPoint","urlTemplate":"https:\/\/bufetcasanovas.com\/?s={search_term_string}"},"query-input":{"@type":"PropertyValueSpecification","valueRequired":true,"valueName":"search_term_string"}}],"inLanguage":"ca-ES"}]}},"_links":{"self":[{"href":"https:\/\/bufetcasanovas.com\/ca\/wp-json\/wp\/v2\/pages\/17236","targetHints":{"allow":["GET"]}}],"collection":[{"href":"https:\/\/bufetcasanovas.com\/ca\/wp-json\/wp\/v2\/pages"}],"about":[{"href":"https:\/\/bufetcasanovas.com\/ca\/wp-json\/wp\/v2\/types\/page"}],"author":[{"embeddable":true,"href":"https:\/\/bufetcasanovas.com\/ca\/wp-json\/wp\/v2\/users\/1"}],"replies":[{"embeddable":true,"href":"https:\/\/bufetcasanovas.com\/ca\/wp-json\/wp\/v2\/comments?post=17236"}],"version-history":[{"count":4,"href":"https:\/\/bufetcasanovas.com\/ca\/wp-json\/wp\/v2\/pages\/17236\/revisions"}],"predecessor-version":[{"id":17311,"href":"https:\/\/bufetcasanovas.com\/ca\/wp-json\/wp\/v2\/pages\/17236\/revisions\/17311"}],"wp:attachment":[{"href":"https:\/\/bufetcasanovas.com\/ca\/wp-json\/wp\/v2\/media?parent=17236"}],"curies":[{"name":"wp","href":"https:\/\/api.w.org\/{rel}","templated":true}]}}