{"id":17149,"date":"2019-11-05T13:02:46","date_gmt":"2019-11-05T12:02:46","guid":{"rendered":"http:\/\/bufetcasanovas.com\/aviso-legal\/"},"modified":"2020-03-04T11:52:45","modified_gmt":"2020-03-04T10:52:45","slug":"avis-legal","status":"publish","type":"page","link":"https:\/\/bufetcasanovas.com\/ca\/avis-legal\/","title":{"rendered":"Av\u00eds Legal"},"content":{"rendered":"<div class=\"wpb-content-wrapper\"><p>[vc_row css_animation=&#8221;&#8221; row_type=&#8221;row&#8221; use_row_as_full_screen_section=&#8221;no&#8221; type=&#8221;full_width&#8221; angled_section=&#8221;no&#8221; text_align=&#8221;left&#8221; background_image_as_pattern=&#8221;without_pattern&#8221;][vc_column][vc_column_text]<\/p>\n<ol>\n<li><strong> TITULARITAT<\/strong><\/li>\n<\/ol>\n<p>Aquesta p\u00e0gina web \u00e9s titularitat de <strong>BUFET CASANOVAS I MART\u00cd -1952-, Advocats Associats, S.C.P.,<\/strong> (en endavant, <strong>&#8220;BUFET CASANOVAS&#8221;<\/strong>), amb domicili a 08017 Barcelona, \u200b\u200bcarrer Escoles Pies, 19 baixos, CIF. J58157538, tel\u00e8fon 932.156.528 i correu electr\u00f2nic <a href=\"mailto:info@bufetcasanovas.com\">info@bufetcasanovas.com<\/a><\/p>\n<p><strong>\u00a0<\/strong><\/p>\n<p><strong>\u00a0<\/strong><\/p>\n<ol start=\"2\">\n<li><strong> PROPIETAT INTEL\u00b7LECTUAL I INDUSTRIAL<\/strong><\/li>\n<\/ol>\n<p>Aquesta web i els seus continguts s\u00f3n propietat de <strong>BUFET CASANOVAS <\/strong>o de tercers que ens han atorgat llic\u00e8ncia d&#8217;\u00fas.<\/p>\n<p>Es prohibeix la utilitzaci\u00f3 de les marques registrades sense l&#8217;obtenci\u00f3 de la corresponent llic\u00e8ncia, aix\u00ed com tamb\u00e9 la reproducci\u00f3, distribuci\u00f3, comunicaci\u00f3 p\u00fablica, transformaci\u00f3 i transmissi\u00f3 dels continguts del portal, llevat l\u2019autoritzaci\u00f3 expressa del titular dels drets. No obstant, l&#8217;usuari podr\u00e0 realitzar una c\u00f2pia dels continguts en el seu disc dur o un altre suport, sempre que sigui per al seu \u00fas personal i sense fi comercial.<\/p>\n<p><strong>\u00a0<\/strong><\/p>\n<p><strong>\u00a0<\/strong><\/p>\n<ol start=\"3\">\n<li><strong> \u00daS DE LA P\u00c0GINA WEB<\/strong><\/li>\n<\/ol>\n<p>L&#8217;acc\u00e9s a aquest portal implica acceptar i con\u00e8ixer les condicions i termes d&#8217;aquest Av\u00eds Legal, i no pot utilitzar aquesta p\u00e0gina web o serveis prestats a trav\u00e9s d&#8217;ella, per a finalitats contr\u00e0ries a la llei o amb vulneraci\u00f3 del que preveu la legislaci\u00f3 vigent, en aquest Av\u00eds Legal, en els bons costums i ordre p\u00fablic, o per a qualsevol altra que pugui causar una lesi\u00f3 als drets de tercers.<\/p>\n<p>L&#8217;usuari no podr\u00e0 destruir, alterar, inutilitzar o, de qualsevol altra forma, danyar les dades, programes o documents electr\u00f2nics i altres que es continguin en aquesta web, aix\u00ed com no obstaculitzar l&#8217;acc\u00e9s a altres usuaris a al servei d&#8217;acc\u00e9s, ni introduir programes, aplicacions inform\u00e0tiques, virus o altres dispositius d&#8217;an\u00e0loga naturalesa, que puguin causar qualsevol tipus d&#8217;alteraci\u00f3 en els sistemes inform\u00e0tics de BUFET CASANOVAS o tercers.<\/p>\n<p>L&#8217;usuari no podr\u00e0 fer mal \u00fas de les informacions, missatges, gr\u00e0fics, arxius ni qualsevol classe de material als que pugui accedir a trav\u00e9s d&#8217;aquesta web.<\/p>\n<p>BUFET CASANOVAS es reserva en tot cas el dret d&#8217;efectuar les modificacions que consideri oportunes al lloc web. Aix\u00f2 implica que BUFET CASANOVAS podr\u00e0 canviar, suprimir o afegir tant els continguts com els serveis que es prestin a trav\u00e9s de la mateixa, aix\u00ed com la forma en qu\u00e8 aquests apareguin presentats o localitzats en la seva p\u00e0gina web.\u00a0<\/p>\n<p>&nbsp;<\/p>\n<ol start=\"4\">\n<li><strong>RESPONSABILITAT<\/strong><\/li>\n<\/ol>\n<p>BUFET CASANOVAS no \u00e9s responsable de la informaci\u00f3 que es pugui obtenir a trav\u00e9s d&#8217;enlla\u00e7os o links a altres p\u00e0gines web. No obstant aix\u00f2, en cas que tingui coneixement de la il\u00b7licitud del contingut d&#8217;aquestes altres p\u00e0gines, o que lesionin b\u00e9ns o drets d&#8217;un tercer, susceptibles o no d&#8217;indemnitzaci\u00f3, BUFET CASANOVAS actuar\u00e0 amb la dilig\u00e8ncia necess\u00e0ria per tal de suprimir l&#8217;enlla\u00e7 corresponent.<\/p>\n<p>Aix\u00ed mateix, no es podran establir enlla\u00e7os o links des d&#8217;altres p\u00e0gines web de tercers al portal de BUFET CASANOVAS, excepte que hi hagi autoritzaci\u00f3 expressa.<\/p>\n<p>BUFET CASANOVAS i el seu personal aplicaran els mitjans i esfor\u00e7os raonables en facilitar a trav\u00e9s del Portal informaci\u00f3 actualitzada i fefaent. No obstant aix\u00f2, no es fan responsables dels errors o omissions de la informaci\u00f3 o continguts facilitats a trav\u00e9s del Portal ni de l&#8217;aplicaci\u00f3 o \u00fas concret que pogu\u00e9s fer-se d&#8217;aquests.<\/p>\n<p>L&#8217;acc\u00e9s al Portal no implica l&#8217;obligaci\u00f3 de BUFET CASANOVAS i del seu personal de comprovar la veracitat, exactitud, idone\u00eftat, adequaci\u00f3, exhaustivitat i actualitat de la informaci\u00f3 i continguts. Els continguts del Portal no suposen de cap manera la prestaci\u00f3 de cap servei legal.<\/p>\n<p>BUFET CASANOVAS no es fa responsable per les interfer\u00e8ncies, omissions, interrupcions, virus inform\u00e0tics o altres elements que puguin produir alteracions en els sistemes de l&#8217;Usuari o en els seus documents o fitxers motivats per causes alienes a BUFET CASANOVAS o en cas d&#8217;haver adoptat aquest mesures de seguretat raonablement adequades.<\/p>\n<p>De la mateixa manera, BUFET CASANOVAS no assumeix la responsabilitat derivada de retards o bloquejos en el funcionament operatiu del Portal causat per defici\u00e8ncies o sobrec\u00e0rrega en les l\u00ednies telef\u00f2niques o a Internet, aix\u00ed com de danys causats per terceres persones mitjan\u00e7ant intromissions il\u00b7leg\u00edtimes.<\/p>\n<p>BUFET CASANOVAS es reserva el dret de suspendre l&#8217;acc\u00e9s al Portal amb motiu d&#8217;operacions de manteniment, reparaci\u00f3 i \/ o millora.<\/p>\n<p>BUFET CASANOVAS no es fa responsable dels continguts i serveis d&#8217;aquelles p\u00e0gines web que puguin estar enlla\u00e7ades al Portal m\u00e9s enll\u00e0 de la responsabilitat assignada per la Llei 34\/2002, de 12 de juliol, de Serveis de la Societat de la Informaci\u00f3 i el Comer\u00e7 Electr\u00f2nic, en la mesura que pogu\u00e9s tenir coneixement efectiu de la il\u00b7licitud dels continguts i serveis subministrats al portal web enlla\u00e7at i no desactivi l&#8217;enlla\u00e7 amb la dilig\u00e8ncia deguda.<\/p>\n<p>Si desitja posar en el nostre coneixement l&#8217;exist\u00e8ncia d&#8217;un enlla\u00e7 cap a un lloc web amb continguts que considera inadequats o il\u00b7l\u00edcits pot posar-se en contacte amb nosaltres a <a href=\"mailto:info@bufetcasanovas.com\">info@bufetcasanovas.com<\/a><\/p>\n<p>&nbsp;<\/p>\n<p>[\/vc_column_text][vc_empty_space][\/vc_column][\/vc_row]<\/p>\n<\/div>","protected":false},"excerpt":{"rendered":"<p>[vc_row css_animation=&#8221;&#8221; row_type=&#8221;row&#8221; use_row_as_full_screen_section=&#8221;no&#8221; type=&#8221;full_width&#8221; angled_section=&#8221;no&#8221; text_align=&#8221;left&#8221; background_image_as_pattern=&#8221;without_pattern&#8221;][vc_column][vc_column_text] TITULARITAT Aquesta p\u00e0gina web \u00e9s titularitat de BUFET CASANOVAS I MART\u00cd -1952-, Advocats Associats, S.C.P., (en endavant, &#8220;BUFET CASANOVAS&#8221;), amb domicili a 08017 Barcelona, \u200b\u200bcarrer Escoles Pies, 19 baixos, CIF. J58157538, tel\u00e8fon 932.156.528 i correu electr\u00f2nic info@bufetcasanovas.com&#8230;<\/p>\n","protected":false},"author":1,"featured_media":0,"parent":0,"menu_order":0,"comment_status":"closed","ping_status":"open","template":"","meta":{"footnotes":""},"class_list":["post-17149","page","type-page","status-publish","hentry"],"yoast_head":"<!-- This site is optimized with the Yoast SEO plugin v26.4 - https:\/\/yoast.com\/wordpress\/plugins\/seo\/ -->\n<title>Av\u00eds Legal - Bufet Casanovas<\/title>\n<meta name=\"robots\" content=\"index, follow, max-snippet:-1, max-image-preview:large, max-video-preview:-1\" \/>\n<link rel=\"canonical\" href=\"https:\/\/bufetcasanovas.com\/ca\/avis-legal\/\" \/>\n<meta property=\"og:locale\" content=\"ca_ES\" \/>\n<meta property=\"og:type\" content=\"article\" \/>\n<meta property=\"og:title\" content=\"Av\u00eds Legal - Bufet Casanovas\" \/>\n<meta property=\"og:description\" content=\"[vc_row css_animation=&#8221;&#8221; row_type=&#8221;row&#8221; use_row_as_full_screen_section=&#8221;no&#8221; type=&#8221;full_width&#8221; angled_section=&#8221;no&#8221; text_align=&#8221;left&#8221; background_image_as_pattern=&#8221;without_pattern&#8221;][vc_column][vc_column_text] TITULARITAT Aquesta p\u00e0gina web \u00e9s titularitat de BUFET CASANOVAS I MART\u00cd -1952-, Advocats Associats, S.C.P., (en endavant, &#8220;BUFET CASANOVAS&#8221;), amb domicili a 08017 Barcelona, \u200b\u200bcarrer Escoles Pies, 19 baixos, CIF. J58157538, tel\u00e8fon 932.156.528 i correu electr\u00f2nic info@bufetcasanovas.com...\" \/>\n<meta property=\"og:url\" content=\"https:\/\/bufetcasanovas.com\/ca\/avis-legal\/\" \/>\n<meta property=\"og:site_name\" content=\"Bufet Casanovas\" \/>\n<meta property=\"article:modified_time\" content=\"2020-03-04T10:52:45+00:00\" \/>\n<meta name=\"twitter:card\" content=\"summary_large_image\" \/>\n<meta name=\"twitter:label1\" content=\"Est. reading time\" \/>\n\t<meta name=\"twitter:data1\" content=\"4 minutes\" \/>\n<script type=\"application\/ld+json\" class=\"yoast-schema-graph\">{\"@context\":\"https:\/\/schema.org\",\"@graph\":[{\"@type\":\"WebPage\",\"@id\":\"https:\/\/bufetcasanovas.com\/ca\/avis-legal\/\",\"url\":\"https:\/\/bufetcasanovas.com\/ca\/avis-legal\/\",\"name\":\"Av\u00eds Legal - Bufet Casanovas\",\"isPartOf\":{\"@id\":\"https:\/\/bufetcasanovas.com\/#website\"},\"datePublished\":\"2019-11-05T12:02:46+00:00\",\"dateModified\":\"2020-03-04T10:52:45+00:00\",\"breadcrumb\":{\"@id\":\"https:\/\/bufetcasanovas.com\/ca\/avis-legal\/#breadcrumb\"},\"inLanguage\":\"ca-ES\",\"potentialAction\":[{\"@type\":\"ReadAction\",\"target\":[\"https:\/\/bufetcasanovas.com\/ca\/avis-legal\/\"]}]},{\"@type\":\"BreadcrumbList\",\"@id\":\"https:\/\/bufetcasanovas.com\/ca\/avis-legal\/#breadcrumb\",\"itemListElement\":[{\"@type\":\"ListItem\",\"position\":1,\"name\":\"Portada\",\"item\":\"https:\/\/bufetcasanovas.com\/ca\/\"},{\"@type\":\"ListItem\",\"position\":2,\"name\":\"Av\u00eds Legal\"}]},{\"@type\":\"WebSite\",\"@id\":\"https:\/\/bufetcasanovas.com\/#website\",\"url\":\"https:\/\/bufetcasanovas.com\/\",\"name\":\"Bufet Casanovas\",\"description\":\"Abogados\",\"potentialAction\":[{\"@type\":\"SearchAction\",\"target\":{\"@type\":\"EntryPoint\",\"urlTemplate\":\"https:\/\/bufetcasanovas.com\/?s={search_term_string}\"},\"query-input\":{\"@type\":\"PropertyValueSpecification\",\"valueRequired\":true,\"valueName\":\"search_term_string\"}}],\"inLanguage\":\"ca-ES\"}]}<\/script>\n<!-- \/ Yoast SEO plugin. -->","yoast_head_json":{"title":"Av\u00eds Legal - Bufet Casanovas","robots":{"index":"index","follow":"follow","max-snippet":"max-snippet:-1","max-image-preview":"max-image-preview:large","max-video-preview":"max-video-preview:-1"},"canonical":"https:\/\/bufetcasanovas.com\/ca\/avis-legal\/","og_locale":"ca_ES","og_type":"article","og_title":"Av\u00eds Legal - Bufet Casanovas","og_description":"[vc_row css_animation=&#8221;&#8221; row_type=&#8221;row&#8221; use_row_as_full_screen_section=&#8221;no&#8221; type=&#8221;full_width&#8221; angled_section=&#8221;no&#8221; text_align=&#8221;left&#8221; background_image_as_pattern=&#8221;without_pattern&#8221;][vc_column][vc_column_text] TITULARITAT Aquesta p\u00e0gina web \u00e9s titularitat de BUFET CASANOVAS I MART\u00cd -1952-, Advocats Associats, S.C.P., (en endavant, &#8220;BUFET CASANOVAS&#8221;), amb domicili a 08017 Barcelona, \u200b\u200bcarrer Escoles Pies, 19 baixos, CIF. J58157538, tel\u00e8fon 932.156.528 i correu electr\u00f2nic info@bufetcasanovas.com...","og_url":"https:\/\/bufetcasanovas.com\/ca\/avis-legal\/","og_site_name":"Bufet Casanovas","article_modified_time":"2020-03-04T10:52:45+00:00","twitter_card":"summary_large_image","twitter_misc":{"Est. reading time":"4 minutes"},"schema":{"@context":"https:\/\/schema.org","@graph":[{"@type":"WebPage","@id":"https:\/\/bufetcasanovas.com\/ca\/avis-legal\/","url":"https:\/\/bufetcasanovas.com\/ca\/avis-legal\/","name":"Av\u00eds Legal - Bufet Casanovas","isPartOf":{"@id":"https:\/\/bufetcasanovas.com\/#website"},"datePublished":"2019-11-05T12:02:46+00:00","dateModified":"2020-03-04T10:52:45+00:00","breadcrumb":{"@id":"https:\/\/bufetcasanovas.com\/ca\/avis-legal\/#breadcrumb"},"inLanguage":"ca-ES","potentialAction":[{"@type":"ReadAction","target":["https:\/\/bufetcasanovas.com\/ca\/avis-legal\/"]}]},{"@type":"BreadcrumbList","@id":"https:\/\/bufetcasanovas.com\/ca\/avis-legal\/#breadcrumb","itemListElement":[{"@type":"ListItem","position":1,"name":"Portada","item":"https:\/\/bufetcasanovas.com\/ca\/"},{"@type":"ListItem","position":2,"name":"Av\u00eds Legal"}]},{"@type":"WebSite","@id":"https:\/\/bufetcasanovas.com\/#website","url":"https:\/\/bufetcasanovas.com\/","name":"Bufet Casanovas","description":"Abogados","potentialAction":[{"@type":"SearchAction","target":{"@type":"EntryPoint","urlTemplate":"https:\/\/bufetcasanovas.com\/?s={search_term_string}"},"query-input":{"@type":"PropertyValueSpecification","valueRequired":true,"valueName":"search_term_string"}}],"inLanguage":"ca-ES"}]}},"_links":{"self":[{"href":"https:\/\/bufetcasanovas.com\/ca\/wp-json\/wp\/v2\/pages\/17149","targetHints":{"allow":["GET"]}}],"collection":[{"href":"https:\/\/bufetcasanovas.com\/ca\/wp-json\/wp\/v2\/pages"}],"about":[{"href":"https:\/\/bufetcasanovas.com\/ca\/wp-json\/wp\/v2\/types\/page"}],"author":[{"embeddable":true,"href":"https:\/\/bufetcasanovas.com\/ca\/wp-json\/wp\/v2\/users\/1"}],"replies":[{"embeddable":true,"href":"https:\/\/bufetcasanovas.com\/ca\/wp-json\/wp\/v2\/comments?post=17149"}],"version-history":[{"count":3,"href":"https:\/\/bufetcasanovas.com\/ca\/wp-json\/wp\/v2\/pages\/17149\/revisions"}],"predecessor-version":[{"id":17153,"href":"https:\/\/bufetcasanovas.com\/ca\/wp-json\/wp\/v2\/pages\/17149\/revisions\/17153"}],"wp:attachment":[{"href":"https:\/\/bufetcasanovas.com\/ca\/wp-json\/wp\/v2\/media?parent=17149"}],"curies":[{"name":"wp","href":"https:\/\/api.w.org\/{rel}","templated":true}]}}