{"id":17144,"date":"2019-11-05T13:00:37","date_gmt":"2019-11-05T12:00:37","guid":{"rendered":"http:\/\/bufetcasanovas.com\/politica-de-cookies\/"},"modified":"2020-03-04T11:48:12","modified_gmt":"2020-03-04T10:48:12","slug":"politica-de-cookies","status":"publish","type":"page","link":"https:\/\/bufetcasanovas.com\/ca\/politica-de-cookies\/","title":{"rendered":"Pol\u00edtica de cookies"},"content":{"rendered":"<div class=\"wpb-content-wrapper\"><p>[vc_row css_animation=&#8221;&#8221; row_type=&#8221;row&#8221; use_row_as_full_screen_section=&#8221;no&#8221; type=&#8221;full_width&#8221; angled_section=&#8221;no&#8221; text_align=&#8221;left&#8221; background_image_as_pattern=&#8221;without_pattern&#8221;][vc_column][vc_column_text]<\/p>\r\n<p><strong>INFORMACI\u00d3 SOBRE COOKIES<\/strong><\/p>\r\n<p>A causa de l&#8217;entrada en vigor de la referent modificaci\u00f3 de la &#8220;Llei de Serveis de la Societat de la Informaci\u00f3&#8221; (LSSICE) establerta pel Reial Decret 13\/2012, \u00e9s d&#8217;obligaci\u00f3 obtenir el consentiment expr\u00e9s de l&#8217;usuari de totes les p\u00e0gines web que usen <em>cookies <\/em>prescindibles, abans que aquest navegui per elles.<\/p>\r\n<p><strong>\u00a0<\/strong><\/p>\r\n<p><strong>QU\u00c8 S\u00d3N LES <em>COOKIES<\/em>?<\/strong><\/p>\r\n<p>Les <em>cookies<\/em> i altres tecnologies similars com ara <em>local shared objects, flash cookies<\/em> o <em>p\u00edxels<\/em>, s\u00f3n eines emprades pels servidors web per a emmagatzemar i recuperar informaci\u00f3 sobre els seus visitants, aix\u00ed com per oferir un correcte funcionament del lloc.<\/p>\r\n<p>Mitjan\u00e7ant l&#8217;\u00fas d&#8217;aquests dispositius es permet al servidor web recordar algunes dades relatives a l&#8217;usuari, com les seves prefer\u00e8ncies per a la visualitzaci\u00f3 de les p\u00e0gines d&#8217;aquest servidor, nom i contrasenya, productes que m\u00e9s li interessen, etc.<\/p>\r\n<p><strong>\u00a0<\/strong><\/p>\r\n<p><strong><em>COOKIES<\/em><\/strong><strong> AFECTADES PER LA NORMATIVA I <em>COOKIES<\/em> EXCEPTUADES<\/strong><\/p>\r\n<p><strong>\u00a0<\/strong><\/p>\r\n<p>Segons la directiva de la UE, les <em>cookies <\/em>que requereixen el consentiment informat per part de l&#8217;usuari s\u00f3n les galetes d&#8217;anal\u00edtica i les de publicitat i afiliaci\u00f3, quedant exceptuades les de car\u00e0cter t\u00e8cnic i les necess\u00e0ries per el funcionament de la p\u00e0gina web o la prestaci\u00f3 de serveis expressament sol\u00b7licitats per l&#8217;usuari.<\/p>\r\n<p><strong>\u00a0<\/strong><\/p>\r\n<p><strong>QU\u00c8 TIPUS DE <em>COOKIES<\/em> HI HA?<\/strong><\/p>\r\n<p>Sobre els tipus de <em>cookies<\/em>, hi ha cinc grans grups:<\/p>\r\n<ul>\r\n<li><em>Cookies<\/em> anal\u00edtiques: recullen informaci\u00f3 de l&#8217;\u00fas que es realitza de la p\u00e0gina web.<\/li>\r\n<li><em>Cookies<\/em> socials: s\u00f3n aquelles necess\u00e0ries per a xarxes socials externes.<\/li>\r\n<li><em>Cookies<\/em> d&#8217;afiliats: permeten fer un seguiment de les visites procedents d&#8217;altres webs, amb les que el lloc web estableix un contracte d&#8217;afiliaci\u00f3 (empreses d&#8217;afiliaci\u00f3).<\/li>\r\n<li><em>Cookies<\/em> de publicitat i comportamentals: recullen informaci\u00f3 sobre les prefer\u00e8ncies i eleccions personals de l&#8217;usuari (retargeting).<\/li>\r\n<li><em>Cookies<\/em> t\u00e8cniques i funcionals: s\u00f3n les estrictament necess\u00e0ries per a l&#8217;\u00fas del lloc web i per a la prestaci\u00f3 de servei contractat.<\/li>\r\n<\/ul>\r\n<p><strong>\u00a0<\/strong><\/p>\r\n<p><strong><em>COOKIES<\/em><\/strong><strong> QUE UTILITZEN EN AQUEST LLOC WEB<\/strong><\/p>\r\n<p><strong>\u00a0<\/strong><\/p>\r\n<p>has_js Aquesta <em>cookie<\/em> ens permet saber si l&#8217;usuari t\u00e9 o no JavaScript activat al navegador<\/p>\r\n<p>\u00a0_ga \u00a0\u00a0\u00a0S&#8217;usa per distingir als usuaris.<\/p>\r\n<p><strong>\u00a0<\/strong><\/p>\r\n<p>&nbsp;<\/p>\r\n<p>IN _gat S&#8217;usa per diferenciar entre els diferents objectes de seguiment creats a la sessi\u00f3. La <em>cookie<\/em> es crea al carregar la llibreria javascript i no hi ha una versi\u00f3 pr\u00e8via de la <em>cookie<\/em> _gat. \u00a0\u00a0La <em>cookie<\/em> s&#8217;actualitza cada vegada que envia les dades a Google Analytics.<\/p>\r\n<p>\u00a0 _gid \u00a0Es genera de forma autom\u00e0tica de manera transparent per a la Web a causa de certs codis de mesurament o tercers \u00a01 dia<\/p>\r\n<p>PREF L&#8217;\u00fas de serveis de localitzaci\u00f3 com Google Maps implica la instal\u00b7laci\u00f3 d&#8217;aquestes <em>cookies<\/em><\/p>\r\n<p>APISID S&#8217;utilitzen per recordar prefer\u00e8ncies de l&#8217;usuari durant la seva navegaci\u00f3.<\/p>\r\n<p>SAPISID<\/p>\r\n<p>SSID Tamb\u00e9 per al recompte, per part de Google, del nombre d&#8217;usuaris que utilitzen els mapes<\/p>\r\n<p>\u00a01P_JAR<\/p>\r\n<p>\u00a0NID Per fer la publicitat m\u00e9s atractiva 6 mesos<\/p>\r\n<p>HSID, SID I per proveir de mecanismes de seguretat que evitin l&#8217;acc\u00e9s no autoritzat a dades d&#8217;acc\u00e9s d&#8217;usuaris o la informaci\u00f3 que aquests faciliten en formularis de contacte.<\/p>\r\n<p>Consent <em>cookie<\/em> de Google Maps, s&#8217;usa per al funcionament de mapa de Google a la p\u00e0gina de contacte.<\/p>\r\n<p>&nbsp;<\/p>\r\n<p><strong>REVOCACI\u00d3 DEL CONSENTIMENT PER INSTAL\u00b7LAR<em> COOKIES<\/em><\/strong><\/p>\r\n<p><strong>COM ELIMINAR LES <em>COOKIES<\/em> DEL NAVEGADOR<\/strong><\/p>\r\n<p><strong>Chrome<\/strong><\/p>\r\n<ol>\r\n<li>Selecciona la icona d&#8217;Eines<\/li>\r\n<li>Fes clic a Configuraci\u00f3.<\/li>\r\n<li>Fes clic a Mostra Opcions Avan\u00e7ades.<\/li>\r\n<li>A la secci\u00f3 \u00abPrivadesa\u00bb fes clic a Configuraci\u00f3 de contingut.<\/li>\r\n<\/ol>\r\n<ul>\r\n<li>Suprimeix les <em>cookies<\/em>: Fes clic a Totes les <em>cookies<\/em> i dades del lloc &#8230;<\/li>\r\n<li>No permetre que s&#8217;emmagatzemin <em>cookies<\/em>.<\/li>\r\n<\/ul>\r\n<ol start=\"5\">\r\n<li>Fes clic a Elimina les dades de navegaci\u00f3 (buidar la Mem\u00f2ria cach\u00e9).<\/li>\r\n<li>Tanca i reinicia el navegador.<\/li>\r\n<\/ol>\r\n<p>Per a m\u00e9s informaci\u00f3 sobre Chrome premi aqu\u00ed: http:\/\/support.google.com\/chrome\/answer\/95647?hl=es<\/p>\r\n<p>Internet Explorer. versi\u00f3 11<\/p>\r\n<ol>\r\n<li>Selecciona Eines | Opcions d&#8217;Internet.<\/li>\r\n<li>Fes clic a la pestanya General.<\/li>\r\n<li>A la secci\u00f3 \u00abHistorial de navegaci\u00f3\u00bb, fes clic a Suprimeix l&#8217;historial de navegaci\u00f3 al sortir.<\/li>\r\n<li>Seleccionar Eliminar arxius.<\/li>\r\n<li>Seleccionar Suprimeix les <em>cookies<\/em>.<\/li>\r\n<li>Fes clic a Elimina.<\/li>\r\n<li>Fes clic a D&#8217;acord.<\/li>\r\n<li>Tanca i reinicia el navegador.<\/li>\r\n<\/ol>\r\n<p>Per a m\u00e9s informaci\u00f3 sobre Internet Explorer premi aqu\u00ed: http:\/\/windows.microsoft.com\/es-419\/windows7\/how-to-manage-cookies-in-internet-explorer-9<\/p>\r\n<p>Firefox. versi\u00f3 18<\/p>\r\n<ol>\r\n<li>Selecciona Firefox | hist\u00f2ric | Neteja l&#8217;historial recent.<\/li>\r\n<li>A la banda de \u00abDetalls\u00bb, fes clic a la fletxa cap avall.<\/li>\r\n<li>Selecciona les seg\u00fcents caselles de verificaci\u00f3: <em>Cookies<\/em>, Mem\u00f2ria cau, Inicis de sessi\u00f3 actius<\/li>\r\n<li>Usant el \u00abPer\u00edode de temps per esborrar\u00bb al men\u00fa desplegable, selecciona Tot.<\/li>\r\n<li>Feu clic a Neteja ara.<\/li>\r\n<li>Tanca i reinicia el navegador.<\/li>\r\n<\/ol>\r\n<p>Pot acceptar o rebutjar les galetes individualment en les Prefer\u00e8ncies del Firefox, a la secci\u00f3 Historial disponible a Eines&gt; Opcions&gt; Privadesa.<\/p>\r\n<p>Per a m\u00e9s informaci\u00f3 sobre Mozilla Firefox premi aqu\u00ed: https:\/\/www.mozilla.org\/es-ES\/privacy\/websites\/#cookies<\/p>\r\n<p>Safari Versi\u00f3 5.1<\/p>\r\n<ol>\r\n<li>Selecciona la icona de Safari \/ Edita | Restaurar Safari.<\/li>\r\n<li>Selecciona les seg\u00fcents caselles de verificaci\u00f3: Esborrar l&#8217;historial, Eliminar totes les dades de lloc web<\/li>\r\n<li>Fes clic a Restablir.<\/li>\r\n<li>Tanca i reinicia el navegador.<\/li>\r\n<\/ol>\r\n<p>Per a m\u00e9s informaci\u00f3 sobre Safari premi aqu\u00ed: http:\/\/support.apple.com\/kb\/PH5042<\/p>\r\n<p>opera<\/p>\r\n<p>Opcions &#8211; Avan\u00e7at &#8211; <em>Cookies<\/em>.<\/p>\r\n<p>Les opcions de cookies controlen la manera en qu\u00e8 Opera els maneja i per tant la seva acceptaci\u00f3 o rebuig.<\/p>\r\n<p>Per a m\u00e9s informaci\u00f3 sobre \u00d2pera premi aqu\u00ed: http:\/\/help.opera.com\/Linux\/10.60\/es-ES\/cookies.html<\/p>\r\n<p>altres navegadors<\/p>\r\n<p>Consulteu la documentaci\u00f3 del navegador que tingui instal\u00b7lat.<\/p>\r\n<p>[\/vc_column_text][vc_empty_space][\/vc_column][\/vc_row]<\/p><\/div>","protected":false},"excerpt":{"rendered":"<p>[vc_row css_animation=&#8221;&#8221; row_type=&#8221;row&#8221; use_row_as_full_screen_section=&#8221;no&#8221; type=&#8221;full_width&#8221; angled_section=&#8221;no&#8221; text_align=&#8221;left&#8221; background_image_as_pattern=&#8221;without_pattern&#8221;][vc_column][vc_column_text] INFORMACI\u00d3 SOBRE COOKIES A causa de l&#8217;entrada en vigor de la referent modificaci\u00f3 de la &#8220;Llei de Serveis de la Societat de la Informaci\u00f3&#8221; (LSSICE) establerta pel Reial Decret 13\/2012, \u00e9s d&#8217;obligaci\u00f3 obtenir el consentiment expr\u00e9s de&#8230;<\/p>\n","protected":false},"author":1,"featured_media":0,"parent":0,"menu_order":0,"comment_status":"closed","ping_status":"open","template":"","meta":{"footnotes":""},"class_list":["post-17144","page","type-page","status-publish","hentry"],"yoast_head":"<!-- This site is optimized with the Yoast SEO plugin v26.4 - https:\/\/yoast.com\/wordpress\/plugins\/seo\/ -->\n<title>Pol\u00edtica de cookies - Bufet Casanovas<\/title>\n<meta name=\"robots\" content=\"index, follow, max-snippet:-1, max-image-preview:large, max-video-preview:-1\" \/>\n<link rel=\"canonical\" href=\"https:\/\/bufetcasanovas.com\/ca\/politica-de-cookies\/\" \/>\n<meta property=\"og:locale\" content=\"ca_ES\" \/>\n<meta property=\"og:type\" content=\"article\" \/>\n<meta property=\"og:title\" content=\"Pol\u00edtica de cookies - Bufet Casanovas\" \/>\n<meta property=\"og:description\" content=\"[vc_row css_animation=&#8221;&#8221; row_type=&#8221;row&#8221; use_row_as_full_screen_section=&#8221;no&#8221; type=&#8221;full_width&#8221; angled_section=&#8221;no&#8221; text_align=&#8221;left&#8221; background_image_as_pattern=&#8221;without_pattern&#8221;][vc_column][vc_column_text] INFORMACI\u00d3 SOBRE COOKIES A causa de l&#8217;entrada en vigor de la referent modificaci\u00f3 de la &#8220;Llei de Serveis de la Societat de la Informaci\u00f3&#8221; (LSSICE) establerta pel Reial Decret 13\/2012, \u00e9s d&#8217;obligaci\u00f3 obtenir el consentiment expr\u00e9s de...\" \/>\n<meta property=\"og:url\" content=\"https:\/\/bufetcasanovas.com\/ca\/politica-de-cookies\/\" \/>\n<meta property=\"og:site_name\" content=\"Bufet Casanovas\" \/>\n<meta property=\"article:modified_time\" content=\"2020-03-04T10:48:12+00:00\" \/>\n<meta name=\"twitter:card\" content=\"summary_large_image\" \/>\n<meta name=\"twitter:label1\" content=\"Est. reading time\" \/>\n\t<meta name=\"twitter:data1\" content=\"5 minutes\" \/>\n<script type=\"application\/ld+json\" class=\"yoast-schema-graph\">{\"@context\":\"https:\/\/schema.org\",\"@graph\":[{\"@type\":\"WebPage\",\"@id\":\"https:\/\/bufetcasanovas.com\/ca\/politica-de-cookies\/\",\"url\":\"https:\/\/bufetcasanovas.com\/ca\/politica-de-cookies\/\",\"name\":\"Pol\u00edtica de cookies - Bufet Casanovas\",\"isPartOf\":{\"@id\":\"https:\/\/bufetcasanovas.com\/#website\"},\"datePublished\":\"2019-11-05T12:00:37+00:00\",\"dateModified\":\"2020-03-04T10:48:12+00:00\",\"breadcrumb\":{\"@id\":\"https:\/\/bufetcasanovas.com\/ca\/politica-de-cookies\/#breadcrumb\"},\"inLanguage\":\"ca-ES\",\"potentialAction\":[{\"@type\":\"ReadAction\",\"target\":[\"https:\/\/bufetcasanovas.com\/ca\/politica-de-cookies\/\"]}]},{\"@type\":\"BreadcrumbList\",\"@id\":\"https:\/\/bufetcasanovas.com\/ca\/politica-de-cookies\/#breadcrumb\",\"itemListElement\":[{\"@type\":\"ListItem\",\"position\":1,\"name\":\"Portada\",\"item\":\"https:\/\/bufetcasanovas.com\/ca\/\"},{\"@type\":\"ListItem\",\"position\":2,\"name\":\"Pol\u00edtica de cookies\"}]},{\"@type\":\"WebSite\",\"@id\":\"https:\/\/bufetcasanovas.com\/#website\",\"url\":\"https:\/\/bufetcasanovas.com\/\",\"name\":\"Bufet Casanovas\",\"description\":\"Abogados\",\"potentialAction\":[{\"@type\":\"SearchAction\",\"target\":{\"@type\":\"EntryPoint\",\"urlTemplate\":\"https:\/\/bufetcasanovas.com\/?s={search_term_string}\"},\"query-input\":{\"@type\":\"PropertyValueSpecification\",\"valueRequired\":true,\"valueName\":\"search_term_string\"}}],\"inLanguage\":\"ca-ES\"}]}<\/script>\n<!-- \/ Yoast SEO plugin. -->","yoast_head_json":{"title":"Pol\u00edtica de cookies - Bufet Casanovas","robots":{"index":"index","follow":"follow","max-snippet":"max-snippet:-1","max-image-preview":"max-image-preview:large","max-video-preview":"max-video-preview:-1"},"canonical":"https:\/\/bufetcasanovas.com\/ca\/politica-de-cookies\/","og_locale":"ca_ES","og_type":"article","og_title":"Pol\u00edtica de cookies - Bufet Casanovas","og_description":"[vc_row css_animation=&#8221;&#8221; row_type=&#8221;row&#8221; use_row_as_full_screen_section=&#8221;no&#8221; type=&#8221;full_width&#8221; angled_section=&#8221;no&#8221; text_align=&#8221;left&#8221; background_image_as_pattern=&#8221;without_pattern&#8221;][vc_column][vc_column_text] INFORMACI\u00d3 SOBRE COOKIES A causa de l&#8217;entrada en vigor de la referent modificaci\u00f3 de la &#8220;Llei de Serveis de la Societat de la Informaci\u00f3&#8221; (LSSICE) establerta pel Reial Decret 13\/2012, \u00e9s d&#8217;obligaci\u00f3 obtenir el consentiment expr\u00e9s de...","og_url":"https:\/\/bufetcasanovas.com\/ca\/politica-de-cookies\/","og_site_name":"Bufet Casanovas","article_modified_time":"2020-03-04T10:48:12+00:00","twitter_card":"summary_large_image","twitter_misc":{"Est. reading time":"5 minutes"},"schema":{"@context":"https:\/\/schema.org","@graph":[{"@type":"WebPage","@id":"https:\/\/bufetcasanovas.com\/ca\/politica-de-cookies\/","url":"https:\/\/bufetcasanovas.com\/ca\/politica-de-cookies\/","name":"Pol\u00edtica de cookies - Bufet Casanovas","isPartOf":{"@id":"https:\/\/bufetcasanovas.com\/#website"},"datePublished":"2019-11-05T12:00:37+00:00","dateModified":"2020-03-04T10:48:12+00:00","breadcrumb":{"@id":"https:\/\/bufetcasanovas.com\/ca\/politica-de-cookies\/#breadcrumb"},"inLanguage":"ca-ES","potentialAction":[{"@type":"ReadAction","target":["https:\/\/bufetcasanovas.com\/ca\/politica-de-cookies\/"]}]},{"@type":"BreadcrumbList","@id":"https:\/\/bufetcasanovas.com\/ca\/politica-de-cookies\/#breadcrumb","itemListElement":[{"@type":"ListItem","position":1,"name":"Portada","item":"https:\/\/bufetcasanovas.com\/ca\/"},{"@type":"ListItem","position":2,"name":"Pol\u00edtica de cookies"}]},{"@type":"WebSite","@id":"https:\/\/bufetcasanovas.com\/#website","url":"https:\/\/bufetcasanovas.com\/","name":"Bufet Casanovas","description":"Abogados","potentialAction":[{"@type":"SearchAction","target":{"@type":"EntryPoint","urlTemplate":"https:\/\/bufetcasanovas.com\/?s={search_term_string}"},"query-input":{"@type":"PropertyValueSpecification","valueRequired":true,"valueName":"search_term_string"}}],"inLanguage":"ca-ES"}]}},"_links":{"self":[{"href":"https:\/\/bufetcasanovas.com\/ca\/wp-json\/wp\/v2\/pages\/17144","targetHints":{"allow":["GET"]}}],"collection":[{"href":"https:\/\/bufetcasanovas.com\/ca\/wp-json\/wp\/v2\/pages"}],"about":[{"href":"https:\/\/bufetcasanovas.com\/ca\/wp-json\/wp\/v2\/types\/page"}],"author":[{"embeddable":true,"href":"https:\/\/bufetcasanovas.com\/ca\/wp-json\/wp\/v2\/users\/1"}],"replies":[{"embeddable":true,"href":"https:\/\/bufetcasanovas.com\/ca\/wp-json\/wp\/v2\/comments?post=17144"}],"version-history":[{"count":2,"href":"https:\/\/bufetcasanovas.com\/ca\/wp-json\/wp\/v2\/pages\/17144\/revisions"}],"predecessor-version":[{"id":17147,"href":"https:\/\/bufetcasanovas.com\/ca\/wp-json\/wp\/v2\/pages\/17144\/revisions\/17147"}],"wp:attachment":[{"href":"https:\/\/bufetcasanovas.com\/ca\/wp-json\/wp\/v2\/media?parent=17144"}],"curies":[{"name":"wp","href":"https:\/\/api.w.org\/{rel}","templated":true}]}}